{"id":29059,"date":"2025-05-11T00:57:55","date_gmt":"2025-05-10T22:57:55","guid":{"rendered":"https:\/\/suittoeyewear.com\/modelo\/cas\/"},"modified":"2025-05-24T12:49:29","modified_gmt":"2025-05-24T10:49:29","slug":"cas","status":"publish","type":"product","link":"https:\/\/suittoeyewear.com\/fr\/modele\/cas\/","title":{"rendered":"CAS"},"content":{"rendered":"<p>Des astronomes japonais et chinois ont consign\u00e9 dans huit \u00e9crits diff\u00e9rents l&rsquo;apparition de la supernova SN 1181 entre le 4 et le 6 ao\u00fbt 1181. Il s&rsquo;agit de l&rsquo;une des huit supernovae de la Voie lact\u00e9e observables \u00e0 l&rsquo;\u0153il nu, apparue dans la constellation de Cassiop\u00e9e et visible dans le ciel nocturne pendant environ 185 jours. <\/p>\n","protected":false},"excerpt":{"rendered":"<p>Des astronomes japonais et chinois ont consign\u00e9 dans huit \u00e9crits diff\u00e9rents l&rsquo;apparition de la supernova SN 1181 entre le 4 et le 6 ao\u00fbt 1181. Il s&rsquo;agit de l&rsquo;une des huit supernovae de la Voie lact\u00e9e observables \u00e0 l&rsquo;\u0153il nu, apparue dans la constellation de Cassiop\u00e9e et visible dans le ciel nocturne pendant environ 185 [&hellip;]<\/p>\n","protected":false},"featured_media":22652,"template":"","meta":{"_acf_changed":false},"product_brand":[],"product_cat":[411,410],"product_tag":[374],"class_list":{"0":"post-29059","1":"product","2":"type-product","3":"status-publish","4":"has-post-thumbnail","6":"product_cat-supernova-fr","7":"product_cat-supernova-femmes","8":"product_tag-soleil","9":"pa_tonalidad-de-color-01-fr","10":"pa_tonalidad-de-color-23-fr","11":"pa_tonalidad-de-color-50-fr","12":"pa_tonalidad-de-color-53-fr","14":"first","15":"instock","16":"purchasable","17":"product-type-variable"},"acf":[],"_links":{"self":[{"href":"https:\/\/suittoeyewear.com\/fr\/wp-json\/wp\/v2\/product\/29059","targetHints":{"allow":["GET"]}}],"collection":[{"href":"https:\/\/suittoeyewear.com\/fr\/wp-json\/wp\/v2\/product"}],"about":[{"href":"https:\/\/suittoeyewear.com\/fr\/wp-json\/wp\/v2\/types\/product"}],"wp:featuredmedia":[{"embeddable":true,"href":"https:\/\/suittoeyewear.com\/fr\/wp-json\/wp\/v2\/media\/22652"}],"wp:attachment":[{"href":"https:\/\/suittoeyewear.com\/fr\/wp-json\/wp\/v2\/media?parent=29059"}],"wp:term":[{"taxonomy":"product_brand","embeddable":true,"href":"https:\/\/suittoeyewear.com\/fr\/wp-json\/wp\/v2\/product_brand?post=29059"},{"taxonomy":"product_cat","embeddable":true,"href":"https:\/\/suittoeyewear.com\/fr\/wp-json\/wp\/v2\/product_cat?post=29059"},{"taxonomy":"product_tag","embeddable":true,"href":"https:\/\/suittoeyewear.com\/fr\/wp-json\/wp\/v2\/product_tag?post=29059"}],"curies":[{"name":"wp","href":"https:\/\/api.w.org\/{rel}","templated":true}]}}