{"id":29064,"date":"2025-05-11T00:59:30","date_gmt":"2025-05-10T22:59:30","guid":{"rendered":"https:\/\/suittoeyewear.com\/modelo\/charlotte\/"},"modified":"2025-05-24T12:36:51","modified_gmt":"2025-05-24T10:36:51","slug":"charlotte","status":"publish","type":"product","link":"https:\/\/suittoeyewear.com\/fr\/modele\/charlotte\/","title":{"rendered":"CHARLOTTE"},"content":{"rendered":"<p>La Charlotte, n\u00e9e au XIXe si\u00e8cle en l&rsquo;honneur de la reine Charlotte d&rsquo;Angleterre, est un g\u00e2teau qui allie structure et douceur. Avec une couronne de g\u00e9noise et un c\u0153ur cr\u00e9meux &#8211; aux fruits, \u00e0 la mousse ou \u00e0 la bavaroise &#8211; elle \u00e9voque une construction pr\u00e9cise, presque architecturale, qui enveloppe et prot\u00e8ge l&rsquo;essentiel. Son design est une c\u00e9l\u00e9bration du classique et du f\u00e9minin, un \u00e9quilibre entre forme enveloppante et douceur raffin\u00e9e.  <\/p>\n","protected":false},"excerpt":{"rendered":"<p>La Charlotte, n\u00e9e au XIXe si\u00e8cle en l&rsquo;honneur de la reine Charlotte d&rsquo;Angleterre, est un g\u00e2teau qui allie structure et douceur. Avec une couronne de g\u00e9noise et un c\u0153ur cr\u00e9meux &#8211; aux fruits, \u00e0 la mousse ou \u00e0 la bavaroise &#8211; elle \u00e9voque une construction pr\u00e9cise, presque architecturale, qui enveloppe et prot\u00e8ge l&rsquo;essentiel. Son design [&hellip;]<\/p>\n","protected":false},"featured_media":21884,"template":"","meta":{"_acf_changed":false},"product_brand":[],"product_cat":[372,371],"product_tag":[355],"class_list":{"0":"post-29064","1":"product","2":"type-product","3":"status-publish","4":"has-post-thumbnail","6":"product_cat-femmes-sybarites","7":"product_cat-sybarite-fr","8":"product_tag-voir","9":"pa_tonalidad-de-color-76-fr","10":"pa_tonalidad-de-color-01-fr","11":"pa_tonalidad-de-color-23-fr","12":"pa_tonalidad-de-color-57r-fr","14":"first","15":"instock","16":"purchasable","17":"product-type-variable"},"acf":[],"_links":{"self":[{"href":"https:\/\/suittoeyewear.com\/fr\/wp-json\/wp\/v2\/product\/29064","targetHints":{"allow":["GET"]}}],"collection":[{"href":"https:\/\/suittoeyewear.com\/fr\/wp-json\/wp\/v2\/product"}],"about":[{"href":"https:\/\/suittoeyewear.com\/fr\/wp-json\/wp\/v2\/types\/product"}],"wp:featuredmedia":[{"embeddable":true,"href":"https:\/\/suittoeyewear.com\/fr\/wp-json\/wp\/v2\/media\/21884"}],"wp:attachment":[{"href":"https:\/\/suittoeyewear.com\/fr\/wp-json\/wp\/v2\/media?parent=29064"}],"wp:term":[{"taxonomy":"product_brand","embeddable":true,"href":"https:\/\/suittoeyewear.com\/fr\/wp-json\/wp\/v2\/product_brand?post=29064"},{"taxonomy":"product_cat","embeddable":true,"href":"https:\/\/suittoeyewear.com\/fr\/wp-json\/wp\/v2\/product_cat?post=29064"},{"taxonomy":"product_tag","embeddable":true,"href":"https:\/\/suittoeyewear.com\/fr\/wp-json\/wp\/v2\/product_tag?post=29064"}],"curies":[{"name":"wp","href":"https:\/\/api.w.org\/{rel}","templated":true}]}}