{"id":29082,"date":"2025-05-11T01:00:07","date_gmt":"2025-05-10T23:00:07","guid":{"rendered":"https:\/\/suittoeyewear.com\/modelo\/coy\/"},"modified":"2025-05-24T12:32:39","modified_gmt":"2025-05-24T10:32:39","slug":"coy","status":"publish","type":"product","link":"https:\/\/suittoeyewear.com\/fr\/modele\/coy\/","title":{"rendered":"COY"},"content":{"rendered":"<p>Elijah McCoy (Colchester 1843 &#8211; Detroit 1929) est un ing\u00e9nieur n\u00e9 au Canada car ses parents avaient fui l&rsquo;esclavage dans le Kentucky. Il invente un syst\u00e8me de lubrification automatique qui permet de ne pas arr\u00eater les machines pour mettre de l&rsquo;huile manuellement. Il a d\u00e9pos\u00e9 plus de 50 brevets, dont un arroseur de pelouse. Son dispositif de graissage pour les machines \u00e0 vapeur a contribu\u00e9 \u00e0 la r\u00e9volution industrielle du XXe si\u00e8cle.   <\/p>\n","protected":false},"excerpt":{"rendered":"<p>Elijah McCoy (Colchester 1843 &#8211; Detroit 1929) est un ing\u00e9nieur n\u00e9 au Canada car ses parents avaient fui l&rsquo;esclavage dans le Kentucky. Il invente un syst\u00e8me de lubrification automatique qui permet de ne pas arr\u00eater les machines pour mettre de l&rsquo;huile manuellement. Il a d\u00e9pos\u00e9 plus de 50 brevets, dont un arroseur de pelouse. Son [&hellip;]<\/p>\n","protected":false},"featured_media":23244,"template":"","meta":{"_acf_changed":false},"product_brand":[],"product_cat":[352,367],"product_tag":[355],"class_list":{"0":"post-29082","1":"product","2":"type-product","3":"status-publish","4":"has-post-thumbnail","6":"product_cat-teste-sur-des-visages","7":"product_cat-teste-sur-des-visages-homme","8":"product_tag-voir","9":"pa_tonalidad-de-color-01-fr","10":"pa_tonalidad-de-color-40-fr","11":"pa_tonalidad-de-color-59r-fr","12":"pa_tonalidad-de-color-60r-fr","14":"first","15":"instock","16":"purchasable","17":"product-type-variable"},"acf":[],"_links":{"self":[{"href":"https:\/\/suittoeyewear.com\/fr\/wp-json\/wp\/v2\/product\/29082","targetHints":{"allow":["GET"]}}],"collection":[{"href":"https:\/\/suittoeyewear.com\/fr\/wp-json\/wp\/v2\/product"}],"about":[{"href":"https:\/\/suittoeyewear.com\/fr\/wp-json\/wp\/v2\/types\/product"}],"wp:featuredmedia":[{"embeddable":true,"href":"https:\/\/suittoeyewear.com\/fr\/wp-json\/wp\/v2\/media\/23244"}],"wp:attachment":[{"href":"https:\/\/suittoeyewear.com\/fr\/wp-json\/wp\/v2\/media?parent=29082"}],"wp:term":[{"taxonomy":"product_brand","embeddable":true,"href":"https:\/\/suittoeyewear.com\/fr\/wp-json\/wp\/v2\/product_brand?post=29082"},{"taxonomy":"product_cat","embeddable":true,"href":"https:\/\/suittoeyewear.com\/fr\/wp-json\/wp\/v2\/product_cat?post=29082"},{"taxonomy":"product_tag","embeddable":true,"href":"https:\/\/suittoeyewear.com\/fr\/wp-json\/wp\/v2\/product_tag?post=29082"}],"curies":[{"name":"wp","href":"https:\/\/api.w.org\/{rel}","templated":true}]}}