{"id":29094,"date":"2025-05-11T01:00:47","date_gmt":"2025-05-10T23:00:47","guid":{"rendered":"https:\/\/suittoeyewear.com\/modelo\/crespell\/"},"modified":"2025-05-26T12:49:18","modified_gmt":"2025-05-26T10:49:18","slug":"crespell","status":"publish","type":"product","link":"https:\/\/suittoeyewear.com\/fr\/modele\/crespell\/","title":{"rendered":"CRESPELL"},"content":{"rendered":"<p>Originaire de Majorque et de racines s\u00e9farades, le Crespell est un g\u00e2teau en forme d&rsquo;\u00e9toile ou de fleur, symbole de protection et de douceur. Son histoire, associ\u00e9e \u00e0 la f\u00eate de P\u00e2ques, se refl\u00e8te dans son design, qui allie douceur et l\u00e9g\u00e8ret\u00e9, avec une g\u00e9om\u00e9trie qui traverse les g\u00e9n\u00e9rations. Une friandise qui repr\u00e9sente la beaut\u00e9 de la tradition et de la spiritualit\u00e9.<\/p>\n","protected":false},"excerpt":{"rendered":"<p>Originaire de Majorque et de racines s\u00e9farades, le Crespell est un g\u00e2teau en forme d&rsquo;\u00e9toile ou de fleur, symbole de protection et de douceur. Son histoire, associ\u00e9e \u00e0 la f\u00eate de P\u00e2ques, se refl\u00e8te dans son design, qui allie douceur et l\u00e9g\u00e8ret\u00e9, avec une g\u00e9om\u00e9trie qui traverse les g\u00e9n\u00e9rations. Une friandise qui repr\u00e9sente la beaut\u00e9 [&hellip;]<\/p>\n","protected":false},"featured_media":21908,"template":"","meta":{"_acf_changed":false},"product_brand":[],"product_cat":[380,371],"product_tag":[354,355],"class_list":{"0":"post-29094","1":"product","2":"type-product","3":"status-publish","4":"has-post-thumbnail","6":"product_cat-lhomme-sybarite","7":"product_cat-sybarite-fr","8":"product_tag-nouveau","9":"product_tag-voir","10":"pa_tonalidad-de-color-72-fr","11":"pa_tonalidad-de-color-74-fr","12":"pa_tonalidad-de-color-75-fr","13":"pa_tonalidad-de-color-01-fr","15":"first","16":"instock","17":"purchasable","18":"product-type-variable"},"acf":[],"_links":{"self":[{"href":"https:\/\/suittoeyewear.com\/fr\/wp-json\/wp\/v2\/product\/29094","targetHints":{"allow":["GET"]}}],"collection":[{"href":"https:\/\/suittoeyewear.com\/fr\/wp-json\/wp\/v2\/product"}],"about":[{"href":"https:\/\/suittoeyewear.com\/fr\/wp-json\/wp\/v2\/types\/product"}],"wp:featuredmedia":[{"embeddable":true,"href":"https:\/\/suittoeyewear.com\/fr\/wp-json\/wp\/v2\/media\/21908"}],"wp:attachment":[{"href":"https:\/\/suittoeyewear.com\/fr\/wp-json\/wp\/v2\/media?parent=29094"}],"wp:term":[{"taxonomy":"product_brand","embeddable":true,"href":"https:\/\/suittoeyewear.com\/fr\/wp-json\/wp\/v2\/product_brand?post=29094"},{"taxonomy":"product_cat","embeddable":true,"href":"https:\/\/suittoeyewear.com\/fr\/wp-json\/wp\/v2\/product_cat?post=29094"},{"taxonomy":"product_tag","embeddable":true,"href":"https:\/\/suittoeyewear.com\/fr\/wp-json\/wp\/v2\/product_tag?post=29094"}],"curies":[{"name":"wp","href":"https:\/\/api.w.org\/{rel}","templated":true}]}}