{"id":29168,"date":"2025-05-11T01:31:19","date_gmt":"2025-05-10T23:31:19","guid":{"rendered":"https:\/\/suittoeyewear.com\/modelo\/wes\/"},"modified":"2025-05-25T10:11:50","modified_gmt":"2025-05-25T08:11:50","slug":"wes","status":"publish","type":"product","link":"https:\/\/suittoeyewear.com\/fr\/modele\/wes\/","title":{"rendered":"WES"},"content":{"rendered":"<p>Johanna Westerdijk (Amstelveen, 1883 &#8211; Baarn, 1961) Phytopathologiste et professeur d&rsquo;universit\u00e9. Dans son enfance, elle refuse de faire les travaux de broderie que font ses camarades de classe. Elle dit \u00e0 son institutrice qu&rsquo;elle gagnera de l&rsquo;argent quand elle sera grande et qu&rsquo;elle pourra alors engager quelqu&rsquo;un pour le faire \u00e0 sa place. \u00c0 l \u00ab \u00e2ge de 17 ans, elle s&rsquo;inscrit \u00e0 l&rsquo;universit\u00e9 d&rsquo;Amsterdam pour suivre les cours de Hugo de Vries, un c\u00e9l\u00e8bre botaniste de l \u00bb \u00e9poque, qui refusait de lui donner des cours pratiques parce qu&rsquo;elle \u00e9tait une femme. Elle fait des recherches sur les mousses, les champignons tropicaux et d\u00e9couvre comment lutter contre la maladie hollandaise de l&rsquo;orme. Elle a \u00e9t\u00e9 la premi\u00e8re femme professeur d&rsquo;universit\u00e9 aux Pays-Bas, en tant que professeur de pathologie v\u00e9g\u00e9tale \u00e0 l&rsquo;universit\u00e9 d&rsquo;Utrecht et plus tard \u00e0 l&rsquo;universit\u00e9 d&rsquo;Amsterdam, publiant plus de soixante-dix articles sur ses recherches. Plus de la moiti\u00e9 de ses \u00e9tudiants \u00e9taient des femmes et elle a activement d\u00e9fendu les droits des femmes universitaires.     <\/p>\n","protected":false},"excerpt":{"rendered":"<p>Johanna Westerdijk (Amstelveen, 1883 &#8211; Baarn, 1961) Phytopathologiste et professeur d&rsquo;universit\u00e9. Dans son enfance, elle refuse de faire les travaux de broderie que font ses camarades de classe. Elle dit \u00e0 son institutrice qu&rsquo;elle gagnera de l&rsquo;argent quand elle sera grande et qu&rsquo;elle pourra alors engager quelqu&rsquo;un pour le faire \u00e0 sa place. \u00c0 l [&hellip;]<\/p>\n","protected":false},"featured_media":24164,"template":"","meta":{"_acf_changed":false},"product_brand":[],"product_cat":[352,349],"product_tag":[355],"class_list":{"0":"post-29168","1":"product","2":"type-product","3":"status-publish","4":"has-post-thumbnail","6":"product_cat-teste-sur-des-visages","7":"product_cat-teste-sur-des-visages-femme","8":"product_tag-voir","9":"pa_tonalidad-de-color-64r-fr","10":"pa_tonalidad-de-color-65r-fr","11":"pa_tonalidad-de-color-01-fr","12":"pa_tonalidad-de-color-23-fr","14":"first","15":"instock","16":"purchasable","17":"product-type-variable"},"acf":[],"_links":{"self":[{"href":"https:\/\/suittoeyewear.com\/fr\/wp-json\/wp\/v2\/product\/29168","targetHints":{"allow":["GET"]}}],"collection":[{"href":"https:\/\/suittoeyewear.com\/fr\/wp-json\/wp\/v2\/product"}],"about":[{"href":"https:\/\/suittoeyewear.com\/fr\/wp-json\/wp\/v2\/types\/product"}],"wp:featuredmedia":[{"embeddable":true,"href":"https:\/\/suittoeyewear.com\/fr\/wp-json\/wp\/v2\/media\/24164"}],"wp:attachment":[{"href":"https:\/\/suittoeyewear.com\/fr\/wp-json\/wp\/v2\/media?parent=29168"}],"wp:term":[{"taxonomy":"product_brand","embeddable":true,"href":"https:\/\/suittoeyewear.com\/fr\/wp-json\/wp\/v2\/product_brand?post=29168"},{"taxonomy":"product_cat","embeddable":true,"href":"https:\/\/suittoeyewear.com\/fr\/wp-json\/wp\/v2\/product_cat?post=29168"},{"taxonomy":"product_tag","embeddable":true,"href":"https:\/\/suittoeyewear.com\/fr\/wp-json\/wp\/v2\/product_tag?post=29168"}],"curies":[{"name":"wp","href":"https:\/\/api.w.org\/{rel}","templated":true}]}}