{"id":29169,"date":"2025-05-11T01:31:50","date_gmt":"2025-05-10T23:31:50","guid":{"rendered":"https:\/\/suittoeyewear.com\/modelo\/yla\/"},"modified":"2025-05-25T10:11:47","modified_gmt":"2025-05-25T08:11:47","slug":"yla","status":"publish","type":"product","link":"https:\/\/suittoeyewear.com\/fr\/modele\/yla\/","title":{"rendered":"YLA"},"content":{"rendered":"<p>Maria Orosa e Ylagan (Taal, 1893 &#8211; Manille 1945) m\u00e9decin et chercheuse pharmaceutique philippine. Elle travaillait dans l \u00ab \u00e9picerie de ses parents et \u00e9tait une bonne \u00e9l\u00e8ve. Elle a embarqu\u00e9 clandestinement sur un bateau \u00e0 destination des \u00c9tats-Unis o\u00f9 elle a travaill\u00e9 comme domestique et a finalement pu \u00e9tudier la pharmacie \u00e0 l&rsquo;universit\u00e9 de Washington. Elle est retourn\u00e9e aux Philippines o\u00f9 elle a d\u00e9velopp\u00e9 des alternatives pour la conservation des aliments. Elle a cr\u00e9\u00e9 un pot en argile sp\u00e9cial pour la cuisson des aliments dans les r\u00e9gions pauvres de son pays o\u00f9 il n&rsquo;y avait pas d \u00bb \u00e9lectricit\u00e9. Pendant la Seconde Guerre mondiale, elle a \u00e9t\u00e9 capitaine et a cr\u00e9\u00e9 des compl\u00e9ments alimentaires. La Croix-Rouge lui a d\u00e9cern\u00e9 un prix posthume pour ses efforts dans la fabrication de compl\u00e9ments alimentaires.<\/p>\n","protected":false},"excerpt":{"rendered":"<p>Maria Orosa e Ylagan (Taal, 1893 &#8211; Manille 1945) m\u00e9decin et chercheuse pharmaceutique philippine. Elle travaillait dans l \u00ab \u00e9picerie de ses parents et \u00e9tait une bonne \u00e9l\u00e8ve. Elle a embarqu\u00e9 clandestinement sur un bateau \u00e0 destination des \u00c9tats-Unis o\u00f9 elle a travaill\u00e9 comme domestique et a finalement pu \u00e9tudier la pharmacie \u00e0 l&rsquo;universit\u00e9 de [&hellip;]<\/p>\n","protected":false},"featured_media":24204,"template":"","meta":{"_acf_changed":false},"product_brand":[],"product_cat":[352,349],"product_tag":[355],"class_list":{"0":"post-29169","1":"product","2":"type-product","3":"status-publish","4":"has-post-thumbnail","6":"product_cat-teste-sur-des-visages","7":"product_cat-teste-sur-des-visages-femme","8":"product_tag-voir","9":"pa_tonalidad-de-color-37-fr","10":"pa_tonalidad-de-color-40-fr","11":"pa_tonalidad-de-color-45-fr","12":"pa_tonalidad-de-color-01-fr","14":"first","15":"instock","16":"purchasable","17":"product-type-variable"},"acf":[],"_links":{"self":[{"href":"https:\/\/suittoeyewear.com\/fr\/wp-json\/wp\/v2\/product\/29169","targetHints":{"allow":["GET"]}}],"collection":[{"href":"https:\/\/suittoeyewear.com\/fr\/wp-json\/wp\/v2\/product"}],"about":[{"href":"https:\/\/suittoeyewear.com\/fr\/wp-json\/wp\/v2\/types\/product"}],"wp:featuredmedia":[{"embeddable":true,"href":"https:\/\/suittoeyewear.com\/fr\/wp-json\/wp\/v2\/media\/24204"}],"wp:attachment":[{"href":"https:\/\/suittoeyewear.com\/fr\/wp-json\/wp\/v2\/media?parent=29169"}],"wp:term":[{"taxonomy":"product_brand","embeddable":true,"href":"https:\/\/suittoeyewear.com\/fr\/wp-json\/wp\/v2\/product_brand?post=29169"},{"taxonomy":"product_cat","embeddable":true,"href":"https:\/\/suittoeyewear.com\/fr\/wp-json\/wp\/v2\/product_cat?post=29169"},{"taxonomy":"product_tag","embeddable":true,"href":"https:\/\/suittoeyewear.com\/fr\/wp-json\/wp\/v2\/product_tag?post=29169"}],"curies":[{"name":"wp","href":"https:\/\/api.w.org\/{rel}","templated":true}]}}