{"id":29209,"date":"2025-05-11T01:29:09","date_gmt":"2025-05-10T23:29:09","guid":{"rendered":"https:\/\/suittoeyewear.com\/modelo\/vel\/"},"modified":"2025-05-25T10:12:20","modified_gmt":"2025-05-25T08:12:20","slug":"vel","status":"publish","type":"product","link":"https:\/\/suittoeyewear.com\/fr\/modele\/vel\/","title":{"rendered":"VEL"},"content":{"rendered":"<p>Vela Junior est l&rsquo;un des rares vestiges de supernova analys\u00e9s sur l&rsquo;ensemble du spectre \u00e9lectromagn\u00e9tique, des radiofr\u00e9quences aux rayons gamma de tr\u00e8s haute \u00e9nergie. La proximit\u00e9 relative de ce vestige de supernova, sa grande taille et sa forte \u00e9mission non thermique en font l&rsquo;une des principales sources utilis\u00e9es pour \u00e9tudier les m\u00e9canismes d&rsquo;acc\u00e9l\u00e9ration et d&rsquo;\u00e9mission de particules dans les vestiges de supernova. <\/p>\n","protected":false},"excerpt":{"rendered":"<p>Vela Junior est l&rsquo;un des rares vestiges de supernova analys\u00e9s sur l&rsquo;ensemble du spectre \u00e9lectromagn\u00e9tique, des radiofr\u00e9quences aux rayons gamma de tr\u00e8s haute \u00e9nergie. La proximit\u00e9 relative de ce vestige de supernova, sa grande taille et sa forte \u00e9mission non thermique en font l&rsquo;une des principales sources utilis\u00e9es pour \u00e9tudier les m\u00e9canismes d&rsquo;acc\u00e9l\u00e9ration et d&rsquo;\u00e9mission [&hellip;]<\/p>\n","protected":false},"featured_media":22900,"template":"","meta":{"_acf_changed":false},"product_brand":[],"product_cat":[411,438],"product_tag":[374],"class_list":{"0":"post-29209","1":"product","2":"type-product","3":"status-publish","4":"has-post-thumbnail","6":"product_cat-supernova-fr","7":"product_cat-supernova-hommes","8":"product_tag-soleil","9":"pa_tonalidad-de-color-69r-fr","10":"pa_tonalidad-de-color-01-fr","11":"pa_tonalidad-de-color-14-fr","12":"pa_tonalidad-de-color-70r-fr","14":"first","15":"instock","16":"purchasable","17":"product-type-variable"},"acf":[],"_links":{"self":[{"href":"https:\/\/suittoeyewear.com\/fr\/wp-json\/wp\/v2\/product\/29209","targetHints":{"allow":["GET"]}}],"collection":[{"href":"https:\/\/suittoeyewear.com\/fr\/wp-json\/wp\/v2\/product"}],"about":[{"href":"https:\/\/suittoeyewear.com\/fr\/wp-json\/wp\/v2\/types\/product"}],"wp:featuredmedia":[{"embeddable":true,"href":"https:\/\/suittoeyewear.com\/fr\/wp-json\/wp\/v2\/media\/22900"}],"wp:attachment":[{"href":"https:\/\/suittoeyewear.com\/fr\/wp-json\/wp\/v2\/media?parent=29209"}],"wp:term":[{"taxonomy":"product_brand","embeddable":true,"href":"https:\/\/suittoeyewear.com\/fr\/wp-json\/wp\/v2\/product_brand?post=29209"},{"taxonomy":"product_cat","embeddable":true,"href":"https:\/\/suittoeyewear.com\/fr\/wp-json\/wp\/v2\/product_cat?post=29209"},{"taxonomy":"product_tag","embeddable":true,"href":"https:\/\/suittoeyewear.com\/fr\/wp-json\/wp\/v2\/product_tag?post=29209"}],"curies":[{"name":"wp","href":"https:\/\/api.w.org\/{rel}","templated":true}]}}