{"id":29234,"date":"2025-05-11T01:29:39","date_gmt":"2025-05-10T23:29:39","guid":{"rendered":"https:\/\/suittoeyewear.com\/modelo\/vlaai\/"},"modified":"2025-05-25T10:12:16","modified_gmt":"2025-05-25T08:12:16","slug":"vlaai","status":"publish","type":"product","link":"https:\/\/suittoeyewear.com\/fr\/modele\/vlaai\/","title":{"rendered":"VLAAI"},"content":{"rendered":"<p>Le Vlaai, originaire du sud des Pays-Bas, est une p\u00e2tisserie sucr\u00e9e fourr\u00e9e de fruits frais. Sa diversit\u00e9 de versions, adapt\u00e9es \u00e0 chaque r\u00e9gion, se refl\u00e8te dans un design libre, avec une structure ouverte qui permet \u00e0 l&rsquo;int\u00e9rieur de respirer. Ce g\u00e2teau v\u00e9hicule l&rsquo;esprit de variabilit\u00e9 et de libert\u00e9, comme un design qui s&rsquo;adapte \u00e0 chaque instant.  <\/p>\n","protected":false},"excerpt":{"rendered":"<p>Le Vlaai, originaire du sud des Pays-Bas, est une p\u00e2tisserie sucr\u00e9e fourr\u00e9e de fruits frais. Sa diversit\u00e9 de versions, adapt\u00e9es \u00e0 chaque r\u00e9gion, se refl\u00e8te dans un design libre, avec une structure ouverte qui permet \u00e0 l&rsquo;int\u00e9rieur de respirer. Ce g\u00e2teau v\u00e9hicule l&rsquo;esprit de variabilit\u00e9 et de libert\u00e9, comme un design qui s&rsquo;adapte \u00e0 chaque [&hellip;]<\/p>\n","protected":false},"featured_media":22516,"template":"","meta":{"_acf_changed":false},"product_brand":[],"product_cat":[372,371],"product_tag":[355],"class_list":{"0":"post-29234","1":"product","2":"type-product","3":"status-publish","4":"has-post-thumbnail","6":"product_cat-femmes-sybarites","7":"product_cat-sybarite-fr","8":"product_tag-voir","9":"pa_tonalidad-de-color-01-fr","10":"pa_tonalidad-de-color-23-fr","11":"pa_tonalidad-de-color-84-fr","12":"pa_tonalidad-de-color-96-fr","14":"first","15":"instock","16":"purchasable","17":"product-type-variable"},"acf":[],"_links":{"self":[{"href":"https:\/\/suittoeyewear.com\/fr\/wp-json\/wp\/v2\/product\/29234","targetHints":{"allow":["GET"]}}],"collection":[{"href":"https:\/\/suittoeyewear.com\/fr\/wp-json\/wp\/v2\/product"}],"about":[{"href":"https:\/\/suittoeyewear.com\/fr\/wp-json\/wp\/v2\/types\/product"}],"wp:featuredmedia":[{"embeddable":true,"href":"https:\/\/suittoeyewear.com\/fr\/wp-json\/wp\/v2\/media\/22516"}],"wp:attachment":[{"href":"https:\/\/suittoeyewear.com\/fr\/wp-json\/wp\/v2\/media?parent=29234"}],"wp:term":[{"taxonomy":"product_brand","embeddable":true,"href":"https:\/\/suittoeyewear.com\/fr\/wp-json\/wp\/v2\/product_brand?post=29234"},{"taxonomy":"product_cat","embeddable":true,"href":"https:\/\/suittoeyewear.com\/fr\/wp-json\/wp\/v2\/product_cat?post=29234"},{"taxonomy":"product_tag","embeddable":true,"href":"https:\/\/suittoeyewear.com\/fr\/wp-json\/wp\/v2\/product_tag?post=29234"}],"curies":[{"name":"wp","href":"https:\/\/api.w.org\/{rel}","templated":true}]}}