{"id":29260,"date":"2025-05-11T01:28:10","date_gmt":"2025-05-10T23:28:10","guid":{"rendered":"https:\/\/suittoeyewear.com\/modelo\/van\/"},"modified":"2025-05-25T10:12:34","modified_gmt":"2025-05-25T08:12:34","slug":"van","status":"publish","type":"product","link":"https:\/\/suittoeyewear.com\/fr\/modele\/van\/","title":{"rendered":"VAN"},"content":{"rendered":"<p>Lucilio Vanini (Taurisano, 1585 &#8211; Toulouse, 1619)<\/p>\n<p>Philosophe italien, il soutenait que l&rsquo;univers \u00e9tait r\u00e9gi par des lois naturelles et que l&rsquo;homme avait \u00e9volu\u00e9 \u00e0 partir du singe. Il fut l&rsquo;un des nombreux pr\u00e9d\u00e9cesseurs de Darwin en affirmant que certains animaux pouvaient se transformer en d&rsquo;autres. Condamn\u00e9 pour blasph\u00e8me, il s&rsquo;est fait couper la langue, a \u00e9t\u00e9 \u00e9trangl\u00e9 et finalement br\u00fbl\u00e9.  <\/p>\n","protected":false},"excerpt":{"rendered":"<p>Lucilio Vanini (Taurisano, 1585 &#8211; Toulouse, 1619) Philosophe italien, il soutenait que l&rsquo;univers \u00e9tait r\u00e9gi par des lois naturelles et que l&rsquo;homme avait \u00e9volu\u00e9 \u00e0 partir du singe. Il fut l&rsquo;un des nombreux pr\u00e9d\u00e9cesseurs de Darwin en affirmant que certains animaux pouvaient se transformer en d&rsquo;autres. Condamn\u00e9 pour blasph\u00e8me, il s&rsquo;est fait couper la langue, [&hellip;]<\/p>\n","protected":false},"featured_media":24100,"template":"","meta":{"_acf_changed":false},"product_brand":[],"product_cat":[352,367],"product_tag":[355],"class_list":{"0":"post-29260","1":"product","2":"type-product","3":"status-publish","4":"has-post-thumbnail","6":"product_cat-teste-sur-des-visages","7":"product_cat-teste-sur-des-visages-homme","8":"product_tag-voir","9":"pa_tonalidad-de-color-0301-fr","10":"pa_tonalidad-de-color-1019-fr","11":"pa_tonalidad-de-color-89-fr","12":"pa_tonalidad-de-color-01-fr","14":"first","15":"instock","16":"purchasable","17":"product-type-variable"},"acf":[],"_links":{"self":[{"href":"https:\/\/suittoeyewear.com\/fr\/wp-json\/wp\/v2\/product\/29260","targetHints":{"allow":["GET"]}}],"collection":[{"href":"https:\/\/suittoeyewear.com\/fr\/wp-json\/wp\/v2\/product"}],"about":[{"href":"https:\/\/suittoeyewear.com\/fr\/wp-json\/wp\/v2\/types\/product"}],"wp:featuredmedia":[{"embeddable":true,"href":"https:\/\/suittoeyewear.com\/fr\/wp-json\/wp\/v2\/media\/24100"}],"wp:attachment":[{"href":"https:\/\/suittoeyewear.com\/fr\/wp-json\/wp\/v2\/media?parent=29260"}],"wp:term":[{"taxonomy":"product_brand","embeddable":true,"href":"https:\/\/suittoeyewear.com\/fr\/wp-json\/wp\/v2\/product_brand?post=29260"},{"taxonomy":"product_cat","embeddable":true,"href":"https:\/\/suittoeyewear.com\/fr\/wp-json\/wp\/v2\/product_cat?post=29260"},{"taxonomy":"product_tag","embeddable":true,"href":"https:\/\/suittoeyewear.com\/fr\/wp-json\/wp\/v2\/product_tag?post=29260"}],"curies":[{"name":"wp","href":"https:\/\/api.w.org\/{rel}","templated":true}]}}