{"id":29261,"date":"2025-05-11T01:27:13","date_gmt":"2025-05-10T23:27:13","guid":{"rendered":"https:\/\/suittoeyewear.com\/modelo\/tur\/"},"modified":"2025-05-25T10:12:50","modified_gmt":"2025-05-25T08:12:50","slug":"tur","status":"publish","type":"product","link":"https:\/\/suittoeyewear.com\/fr\/modele\/tur\/","title":{"rendered":"TUR"},"content":{"rendered":"<p>Alan Mathison Turing, (Londres, 1912-Wilmslow, 1954), math\u00e9maticien, cryptographe, philosophe et marathonien. Consid\u00e9r\u00e9 comme l&rsquo;un des p\u00e8res de l&rsquo;informatique et un pr\u00e9curseur de l&rsquo;informatique moderne. Pendant la Seconde Guerre mondiale, il a travaill\u00e9 au d\u00e9cryptage des codes nazis. Poursuivi pour homosexualit\u00e9, il est mort deux ans apr\u00e8s sa condamnation, selon la version officielle, par suicide, bien que l&rsquo;on soup\u00e7onne qu&rsquo;il ait \u00e9t\u00e9 assassin\u00e9.   <\/p>\n","protected":false},"excerpt":{"rendered":"<p>Alan Mathison Turing, (Londres, 1912-Wilmslow, 1954), math\u00e9maticien, cryptographe, philosophe et marathonien. Consid\u00e9r\u00e9 comme l&rsquo;un des p\u00e8res de l&rsquo;informatique et un pr\u00e9curseur de l&rsquo;informatique moderne. Pendant la Seconde Guerre mondiale, il a travaill\u00e9 au d\u00e9cryptage des codes nazis. Poursuivi pour homosexualit\u00e9, il est mort deux ans apr\u00e8s sa condamnation, selon la version officielle, par suicide, bien [&hellip;]<\/p>\n","protected":false},"featured_media":24076,"template":"","meta":{"_acf_changed":false},"product_brand":[],"product_cat":[352,367],"product_tag":[355],"class_list":{"0":"post-29261","1":"product","2":"type-product","3":"status-publish","4":"has-post-thumbnail","6":"product_cat-teste-sur-des-visages","7":"product_cat-teste-sur-des-visages-homme","8":"product_tag-voir","9":"pa_tonalidad-de-color-11r-fr","10":"pa_tonalidad-de-color-2333-fr","11":"pa_tonalidad-de-color-2847-fr","12":"pa_tonalidad-de-color-01-fr","14":"first","15":"instock","16":"purchasable","17":"product-type-variable"},"acf":[],"_links":{"self":[{"href":"https:\/\/suittoeyewear.com\/fr\/wp-json\/wp\/v2\/product\/29261","targetHints":{"allow":["GET"]}}],"collection":[{"href":"https:\/\/suittoeyewear.com\/fr\/wp-json\/wp\/v2\/product"}],"about":[{"href":"https:\/\/suittoeyewear.com\/fr\/wp-json\/wp\/v2\/types\/product"}],"wp:featuredmedia":[{"embeddable":true,"href":"https:\/\/suittoeyewear.com\/fr\/wp-json\/wp\/v2\/media\/24076"}],"wp:attachment":[{"href":"https:\/\/suittoeyewear.com\/fr\/wp-json\/wp\/v2\/media?parent=29261"}],"wp:term":[{"taxonomy":"product_brand","embeddable":true,"href":"https:\/\/suittoeyewear.com\/fr\/wp-json\/wp\/v2\/product_brand?post=29261"},{"taxonomy":"product_cat","embeddable":true,"href":"https:\/\/suittoeyewear.com\/fr\/wp-json\/wp\/v2\/product_cat?post=29261"},{"taxonomy":"product_tag","embeddable":true,"href":"https:\/\/suittoeyewear.com\/fr\/wp-json\/wp\/v2\/product_tag?post=29261"}],"curies":[{"name":"wp","href":"https:\/\/api.w.org\/{rel}","templated":true}]}}