{"id":29279,"date":"2025-05-11T01:26:43","date_gmt":"2025-05-10T23:26:43","guid":{"rendered":"https:\/\/suittoeyewear.com\/modelo\/tompouce\/"},"modified":"2025-05-25T10:13:04","modified_gmt":"2025-05-25T08:13:04","slug":"tompouce","status":"publish","type":"product","link":"https:\/\/suittoeyewear.com\/fr\/modele\/tompouce\/","title":{"rendered":"TOMPOUCE"},"content":{"rendered":"<p>Ce g\u00e2teau n\u00e9erlandais, le Tompouce, est compos\u00e9 de couches de p\u00e2te feuillet\u00e9e croustillante et d&rsquo;une cr\u00e8me p\u00e2tissi\u00e8re dense, le tout recouvert d&rsquo;un gla\u00e7age rose vif. Sa structure ferme et sa texture onctueuse en font un g\u00e2teau de caract\u00e8re, au design aussi pr\u00e9cis que son go\u00fbt. Une pi\u00e8ce qui met en valeur la perfection de chaque couche, \u00e9l\u00e9gamment festive et \u00e9tonnamment l\u00e9g\u00e8re.  <\/p>\n","protected":false},"excerpt":{"rendered":"<p>Ce g\u00e2teau n\u00e9erlandais, le Tompouce, est compos\u00e9 de couches de p\u00e2te feuillet\u00e9e croustillante et d&rsquo;une cr\u00e8me p\u00e2tissi\u00e8re dense, le tout recouvert d&rsquo;un gla\u00e7age rose vif. Sa structure ferme et sa texture onctueuse en font un g\u00e2teau de caract\u00e8re, au design aussi pr\u00e9cis que son go\u00fbt. Une pi\u00e8ce qui met en valeur la perfection de chaque [&hellip;]<\/p>\n","protected":false},"featured_media":22492,"template":"","meta":{"_acf_changed":false},"product_brand":[],"product_cat":[380,371],"product_tag":[355],"class_list":{"0":"post-29279","1":"product","2":"type-product","3":"status-publish","4":"has-post-thumbnail","6":"product_cat-lhomme-sybarite","7":"product_cat-sybarite-fr","8":"product_tag-voir","9":"pa_tonalidad-de-color-01-fr","10":"pa_tonalidad-de-color-60r-fr","11":"pa_tonalidad-de-color-85-fr","12":"pa_tonalidad-de-color-92-fr","14":"first","15":"instock","16":"purchasable","17":"product-type-variable"},"acf":[],"_links":{"self":[{"href":"https:\/\/suittoeyewear.com\/fr\/wp-json\/wp\/v2\/product\/29279","targetHints":{"allow":["GET"]}}],"collection":[{"href":"https:\/\/suittoeyewear.com\/fr\/wp-json\/wp\/v2\/product"}],"about":[{"href":"https:\/\/suittoeyewear.com\/fr\/wp-json\/wp\/v2\/types\/product"}],"wp:featuredmedia":[{"embeddable":true,"href":"https:\/\/suittoeyewear.com\/fr\/wp-json\/wp\/v2\/media\/22492"}],"wp:attachment":[{"href":"https:\/\/suittoeyewear.com\/fr\/wp-json\/wp\/v2\/media?parent=29279"}],"wp:term":[{"taxonomy":"product_brand","embeddable":true,"href":"https:\/\/suittoeyewear.com\/fr\/wp-json\/wp\/v2\/product_brand?post=29279"},{"taxonomy":"product_cat","embeddable":true,"href":"https:\/\/suittoeyewear.com\/fr\/wp-json\/wp\/v2\/product_cat?post=29279"},{"taxonomy":"product_tag","embeddable":true,"href":"https:\/\/suittoeyewear.com\/fr\/wp-json\/wp\/v2\/product_tag?post=29279"}],"curies":[{"name":"wp","href":"https:\/\/api.w.org\/{rel}","templated":true}]}}