{"id":29303,"date":"2025-05-11T01:24:31","date_gmt":"2025-05-10T23:24:31","guid":{"rendered":"https:\/\/suittoeyewear.com\/modelo\/tar\/"},"modified":"2025-05-25T10:21:50","modified_gmt":"2025-05-25T08:21:50","slug":"tar","status":"publish","type":"product","link":"https:\/\/suittoeyewear.com\/fr\/modele\/tar\/","title":{"rendered":"TAR"},"content":{"rendered":"<p>TAR : Le 23 f\u00e9vrier 1987, les astrophysiciens Ian Shelton et Oscar Duhalde ont d\u00e9couvert la supernova SN 1987A. Situ\u00e9e dans le Grand Nuage de Magellan \u00e0 environ 168 000 ann\u00e9es-lumi\u00e8re de la Terre, l&rsquo;\u00e9toile prog\u00e9nitrice de SN 1987A avait une masse environ 20 fois sup\u00e9rieure \u00e0 celle du Soleil et un diam\u00e8tre environ 40 fois sup\u00e9rieur \u00e0 celui du Soleil. <\/p>\n","protected":false},"excerpt":{"rendered":"<p>TAR : Le 23 f\u00e9vrier 1987, les astrophysiciens Ian Shelton et Oscar Duhalde ont d\u00e9couvert la supernova SN 1987A. Situ\u00e9e dans le Grand Nuage de Magellan \u00e0 environ 168 000 ann\u00e9es-lumi\u00e8re de la Terre, l&rsquo;\u00e9toile prog\u00e9nitrice de SN 1987A avait une masse environ 20 fois sup\u00e9rieure \u00e0 celle du Soleil et un diam\u00e8tre environ 40 [&hellip;]<\/p>\n","protected":false},"featured_media":22828,"template":"","meta":{"_acf_changed":false},"product_brand":[],"product_cat":[411,410],"product_tag":[374],"class_list":{"0":"post-29303","1":"product","2":"type-product","3":"status-publish","4":"has-post-thumbnail","6":"product_cat-supernova-fr","7":"product_cat-supernova-femmes","8":"product_tag-soleil","9":"pa_tonalidad-de-color-06-fr","10":"pa_tonalidad-de-color-42-fr","11":"pa_tonalidad-de-color-01-fr","12":"pa_tonalidad-de-color-23-fr","14":"first","15":"instock","16":"purchasable","17":"product-type-variable"},"acf":[],"_links":{"self":[{"href":"https:\/\/suittoeyewear.com\/fr\/wp-json\/wp\/v2\/product\/29303","targetHints":{"allow":["GET"]}}],"collection":[{"href":"https:\/\/suittoeyewear.com\/fr\/wp-json\/wp\/v2\/product"}],"about":[{"href":"https:\/\/suittoeyewear.com\/fr\/wp-json\/wp\/v2\/types\/product"}],"wp:featuredmedia":[{"embeddable":true,"href":"https:\/\/suittoeyewear.com\/fr\/wp-json\/wp\/v2\/media\/22828"}],"wp:attachment":[{"href":"https:\/\/suittoeyewear.com\/fr\/wp-json\/wp\/v2\/media?parent=29303"}],"wp:term":[{"taxonomy":"product_brand","embeddable":true,"href":"https:\/\/suittoeyewear.com\/fr\/wp-json\/wp\/v2\/product_brand?post=29303"},{"taxonomy":"product_cat","embeddable":true,"href":"https:\/\/suittoeyewear.com\/fr\/wp-json\/wp\/v2\/product_cat?post=29303"},{"taxonomy":"product_tag","embeddable":true,"href":"https:\/\/suittoeyewear.com\/fr\/wp-json\/wp\/v2\/product_tag?post=29303"}],"curies":[{"name":"wp","href":"https:\/\/api.w.org\/{rel}","templated":true}]}}