{"id":29309,"date":"2025-05-11T01:18:38","date_gmt":"2025-05-10T23:18:38","guid":{"rendered":"https:\/\/suittoeyewear.com\/modelo\/paris-brest\/"},"modified":"2025-05-25T10:19:53","modified_gmt":"2025-05-25T08:19:53","slug":"paris-brest","status":"publish","type":"product","link":"https:\/\/suittoeyewear.com\/fr\/modele\/paris-brest\/","title":{"rendered":"PARIS-BREST"},"content":{"rendered":"<p>Cr\u00e9\u00e9 en 1910 en hommage \u00e0 une course cycliste, le Paris-Brest est rapidement devenu un symbole de sophistication et d&rsquo;audace. Son contraste de l\u00e9g\u00e8ret\u00e9 et de richesse de texture, alliant la douceur de la p\u00e2te \u00e0 choux au pralin\u00e9, \u00e9voque l \u00ab \u00e9quilibre parfait entre la d\u00e9licatesse et la puissance. Une pi\u00e8ce qui c\u00e9l\u00e8bre l \u00bb \u00e9l\u00e9gance en mouvement, fusionnant tradition et modernit\u00e9 dans une exp\u00e9rience \u00e0 savourer \u00e0 chaque bouch\u00e9e.  <\/p>\n","protected":false},"excerpt":{"rendered":"<p>Cr\u00e9\u00e9 en 1910 en hommage \u00e0 une course cycliste, le Paris-Brest est rapidement devenu un symbole de sophistication et d&rsquo;audace. Son contraste de l\u00e9g\u00e8ret\u00e9 et de richesse de texture, alliant la douceur de la p\u00e2te \u00e0 choux au pralin\u00e9, \u00e9voque l \u00ab \u00e9quilibre parfait entre la d\u00e9licatesse et la puissance. Une pi\u00e8ce qui c\u00e9l\u00e8bre l [&hellip;]<\/p>\n","protected":false},"featured_media":22372,"template":"","meta":{"_acf_changed":false},"product_brand":[],"product_cat":[372,371],"product_tag":[354,355],"class_list":{"0":"post-29309","1":"product","2":"type-product","3":"status-publish","4":"has-post-thumbnail","6":"product_cat-femmes-sybarites","7":"product_cat-sybarite-fr","8":"product_tag-nouveau","9":"product_tag-voir","10":"pa_tonalidad-de-color-01-fr","11":"pa_tonalidad-de-color-77-fr","12":"pa_tonalidad-de-color-82-fr","13":"pa_tonalidad-de-color-92-fr","15":"first","16":"instock","17":"purchasable","18":"product-type-variable"},"acf":[],"_links":{"self":[{"href":"https:\/\/suittoeyewear.com\/fr\/wp-json\/wp\/v2\/product\/29309","targetHints":{"allow":["GET"]}}],"collection":[{"href":"https:\/\/suittoeyewear.com\/fr\/wp-json\/wp\/v2\/product"}],"about":[{"href":"https:\/\/suittoeyewear.com\/fr\/wp-json\/wp\/v2\/types\/product"}],"wp:featuredmedia":[{"embeddable":true,"href":"https:\/\/suittoeyewear.com\/fr\/wp-json\/wp\/v2\/media\/22372"}],"wp:attachment":[{"href":"https:\/\/suittoeyewear.com\/fr\/wp-json\/wp\/v2\/media?parent=29309"}],"wp:term":[{"taxonomy":"product_brand","embeddable":true,"href":"https:\/\/suittoeyewear.com\/fr\/wp-json\/wp\/v2\/product_brand?post=29309"},{"taxonomy":"product_cat","embeddable":true,"href":"https:\/\/suittoeyewear.com\/fr\/wp-json\/wp\/v2\/product_cat?post=29309"},{"taxonomy":"product_tag","embeddable":true,"href":"https:\/\/suittoeyewear.com\/fr\/wp-json\/wp\/v2\/product_tag?post=29309"}],"curies":[{"name":"wp","href":"https:\/\/api.w.org\/{rel}","templated":true}]}}